{"id":672,"date":"2022-12-15T10:37:28","date_gmt":"2022-12-15T10:37:28","guid":{"rendered":"https:\/\/mdturbo.ro\/?page_id=672"},"modified":"2023-05-04T13:13:02","modified_gmt":"2023-05-04T13:13:02","slug":"carlo-salvi-2","status":"publish","type":"page","link":"https:\/\/mdturbo.ro\/en\/carlo-salvi-2\/","title":{"rendered":"Carlo Salvi"},"content":{"rendered":"<div class=\"wp-block-uagb-image aligncenter uagb-block-6154d22e wp-block-uagb-image--layout-default wp-block-uagb-image--effect-static wp-block-uagb-image--align-center\"><figure class=\"wp-block-uagb-image__figure\"><a class=\"\" href=\"https:\/\/www.carlosalvi.com\/en\/\" target=\"\" rel=\"noopener\"><img decoding=\"async\" srcset=\"http:\/\/mdturbo.ro\/wp-content\/uploads\/2022\/12\/CARLO-SALVI-Logo-4C-trans-3.png \" src=\"http:\/\/mdturbo.ro\/wp-content\/uploads\/2022\/12\/CARLO-SALVI-Logo-4C-trans-3.png\" alt=\"\" class=\"uag-image-576\" width=\"\" height=\"\" title=\"\" loading=\"lazy\"\/><\/a><\/figure><\/div>\n\n\n\n<p><\/p>\n\n\n\n<div class=\"wp-block-uagb-advanced-heading uagb-block-ce7298fd\"><h2 class=\"uagb-heading-text\">Our company is the official representative of <a href=\"https:\/\/www.carlosalvi.com\/en\/\">Carlo Salvi<\/a> for the market of Romania, Hungary and Bulgaria<\/h2><\/div>\n\n\n\n<div class=\"wp-block-uagb-container uagb-block-d055a45f alignfull uagb-is-root-container\"><div class=\"uagb-container-inner-blocks-wrap\">\n<div class=\"wp-block-uagb-container uagb-block-6cadda31\">\n<div class=\"wp-block-uagb-image aligncenter uagb-block-e0662756 wp-block-uagb-image--layout-default wp-block-uagb-image--effect-static wp-block-uagb-image--align-center\"><figure class=\"wp-block-uagb-image__figure\"><img decoding=\"async\" srcset=\"http:\/\/mdturbo.ro\/wp-content\/uploads\/2022\/12\/HB-02512-1803-Website-Ergaenzung-Carlo-Salvi-Titelbilder-180321-v22_1-fhd-1024x616.jpeg \" src=\"http:\/\/mdturbo.ro\/wp-content\/uploads\/2022\/12\/HB-02512-1803-Website-Ergaenzung-Carlo-Salvi-Titelbilder-180321-v22_1-fhd-1024x616.jpeg\" alt=\"\" class=\"uag-image-677\" width=\"180\" height=\"108\" title=\"\" loading=\"lazy\"\/><\/figure><\/div>\n<\/div>\n\n\n\n<div class=\"wp-block-uagb-container uagb-block-a048866b\">\n<p class=\"has-text-align-right ticss-226aa84b\"><a href=\"https:\/\/www.carlosalvi.com\/en\/\">Carlo Salvi<\/a> is an Italian leading company in the wire forming field, hot and cold. Its story begins in Milan, in 1939, and carries the name of its homonymous founder, Mr. Carlo Salvi. Today, this brand represents the excellence of <em>made in Italy <\/em>by offering a wide range of heading solutions dedicated to many industries: automotive, aerospace, industrial and electronic. Their products are worldwide known for their reliability, high quality and exceptional performance.&nbsp;<\/p>\n<\/div>\n\n\n\n<div class=\"wp-block-uagb-container uagb-block-79801812\">\n<p>Starting with 2016, <a href=\"https:\/\/www.carlosalvi.com\/en\/\">Carlo Salvi<\/a> has joined the Swiss company Hatebur with whom a partnership has been established with the aim of expanding into the market, developing new technologies and working as a team in order to achieve even more ambitious goals. Today, <a href=\"https:\/\/www.carlosalvi.com\/en\/\">Carlo Salvi<\/a> has more than 100 employees in its headquarter from Italy, as well as in its subsidiaries from China, UK and USA.<\/p>\n<\/div>\n\n\n\n<div class=\"wp-block-uagb-container uagb-block-a71e8b0f\">\n<div class=\"wp-block-uagb-image uagb-block-ab63db6b wp-block-uagb-image--layout-default wp-block-uagb-image--effect-static wp-block-uagb-image--align-none\"><figure class=\"wp-block-uagb-image__figure\"><img decoding=\"async\" srcset=\"http:\/\/mdturbo.ro\/wp-content\/uploads\/2022\/12\/4d-timeline_2016_carlo-salvi-merger-Hatebur-300x169.jpeg \" src=\"http:\/\/mdturbo.ro\/wp-content\/uploads\/2022\/12\/4d-timeline_2016_carlo-salvi-merger-Hatebur-300x169.jpeg\" alt=\"\" class=\"uag-image-679\" width=\"300\" height=\"169\" title=\"\" loading=\"lazy\"\/><\/figure><\/div>\n<\/div>\n<\/div><\/div>\n\n\n\n<div class=\"wp-block-uagb-container uagb-block-93493ee7 alignfull uagb-is-root-container\"><div class=\"uagb-container-inner-blocks-wrap\">\n<h3 class=\"wp-block-heading has-text-align-center\">With more than 80 years of experience, <a href=\"https:\/\/www.carlosalvi.com\/en\/\">Carlo Salvi<\/a> proved to be a dynamic company who is always looking towards the future, while keeping the same passion of the founder who gave name and life to a success story.&nbsp;<\/h3>\n\n\n\n<div class=\"wp-block-uagb-image aligncenter uagb-block-1befa81d wp-block-uagb-image--layout-default wp-block-uagb-image--effect-static wp-block-uagb-image--align-center\"><figure class=\"wp-block-uagb-image__figure\"><img decoding=\"async\" srcset=\"http:\/\/mdturbo.ro\/wp-content\/uploads\/2022\/12\/7_CM_4-5_ECOhatebur-coldmatic-1024x577.jpeg \" src=\"http:\/\/mdturbo.ro\/wp-content\/uploads\/2022\/12\/7_CM_4-5_ECOhatebur-coldmatic-1024x577.jpeg\" alt=\"\" class=\"uag-image-593\" width=\"1024\" height=\"577\" title=\"\" loading=\"lazy\"\/><\/figure><\/div>\n\n\n\n<p><\/p>\n<\/div><\/div>\n\n\n\n<div class=\"wp-block-uagb-container uagb-block-493cd9a5 alignfull uagb-is-root-container\"><div class=\"uagb-container-inner-blocks-wrap\">\n<div class=\"wp-block-uagb-advanced-heading uagb-block-9bbdf6fb\"><h2 class=\"uagb-heading-text\">Products<\/h2><\/div>\n\n\n\n<h2 class=\"wp-block-heading has-text-align-center\"><a href=\"https:\/\/www.carlosalvi.com\/en\/machines-accessories-1\">Cold forming machines<\/a><\/h2>\n<\/div><\/div>\n\n\n\n<div class=\"wp-block-columns is-layout-flex wp-container-core-columns-is-layout-28f84493 wp-block-columns-is-layout-flex\">\n<div class=\"wp-block-column is-layout-flow wp-block-column-is-layout-flow\">\n<div class=\"wp-block-uagb-advanced-heading uagb-block-97987185\"><h2 class=\"uagb-heading-text\"><a href=\"https:\/\/www.carlosalvi.com\/en\/machines-accessories-1\/product\/list\/models\/1-die-2-blow-header\" target=\"_blank\" rel=\"noreferrer noopener\">1 Die <br>2 Blow Header<\/a><\/h2><\/div>\n\n\n\n<p>For the production of screw blanks as well as semi-tubular and solid parts at very high production.<\/p>\n\n\n\n<figure class=\"wp-block-table has-small-font-size\"><table><tbody><tr><td><strong>Technical specifications<\/strong><br><\/td><td class=\"has-text-align-center\" data-align=\"center\"><strong>Range of value depending on the model<\/strong><\/td><\/tr><tr><td>Number of dies<\/td><td class=\"has-text-align-center\" data-align=\"center\">1<\/td><\/tr><tr><td>Number of punches<\/td><td class=\"has-text-align-center\" data-align=\"center\">2<\/td><\/tr><tr><td>Max. cutt-off length (mm)&nbsp;<\/td><td class=\"has-text-align-center\" data-align=\"center\">between 30 \u2013 200<\/td><\/tr><tr><td>Max. head diameter (mm)<\/td><td class=\"has-text-align-center\" data-align=\"center\">between 6.5 \u2013 25<\/td><\/tr><tr><td>Max. shank length (mm)<\/td><td class=\"has-text-align-center\" data-align=\"center\">between 22 \u2013 160<\/td><\/tr><tr><td>Min. and max. wire diameter with a strength of 600 N\/mm2 (cold) (mm)<\/td><td class=\"has-text-align-center\" data-align=\"center\">0.6 \u2013 3 up to  6 \u2013 14<\/td><\/tr><tr><td>Min. and max. wire diameter with a strength of 1.000 N\/mm2 (warm) (mm)<\/td><td class=\"has-text-align-center\" data-align=\"center\">     3 \u2013 7 up to 6 \u2013 12.5<\/td><\/tr><tr><td>Max. speed (pce\/min)<\/td><td class=\"has-text-align-center\" data-align=\"center\">between 150 \u2013 660<\/td><\/tr><tr><td>Max. heading tonnage (kN)<\/td><td class=\"has-text-align-center\" data-align=\"center\">between 60 \u2013 750<\/td><\/tr><tr><td>Die diameter and length (mm)<\/td><td class=\"has-text-align-center\" data-align=\"center\">30\u00d730 up to 80\u00d7180&nbsp;<\/td><\/tr><tr><td>Punch diameter and length (mm)<\/td><td class=\"has-text-align-center\" data-align=\"center\">18\u00d750 up to 60\u00d7170<\/td><\/tr><tr><td>Stroke of P.K.O.\u2019s (mm)<\/td><td class=\"has-text-align-center\" data-align=\"center\">6.5 up to 18<\/td><\/tr><\/tbody><\/table><\/figure>\n\n\n\n<p><\/p>\n<\/div>\n\n\n\n<div class=\"wp-block-column is-layout-flow wp-block-column-is-layout-flow\">\n<p><\/p>\n\n\n\n<p><\/p>\n\n\n\n<div class=\"wp-block-uagb-image alignleft uagb-block-28d11a59 wp-block-uagb-image--layout-default wp-block-uagb-image--effect-static wp-block-uagb-image--align-left\"><figure class=\"wp-block-uagb-image__figure\"><img decoding=\"async\" srcset=\"http:\/\/mdturbo.ro\/wp-content\/uploads\/2022\/12\/2_CS_001_2a-carlo-salvi-1024x574.jpeg \" src=\"http:\/\/mdturbo.ro\/wp-content\/uploads\/2022\/12\/2_CS_001_2a-carlo-salvi-1024x574.jpeg\" alt=\"\" class=\"uag-image-680\" width=\"\" height=\"\" title=\"\" loading=\"lazy\"\/><\/figure><\/div>\n\n\n\n<p class=\"has-text-align-right\"><em><sub><sup>1&nbsp;Die&nbsp;2&nbsp;Blow&nbsp;Header&nbsp;CS&nbsp;001<\/sup><\/sub><\/em><\/p>\n\n\n\n<div class=\"wp-block-uagb-container uagb-block-bf4f84f3 alignfull uagb-is-root-container\"><div class=\"uagb-container-inner-blocks-wrap\"><\/div><\/div>\n\n\n\n<p><\/p>\n<\/div>\n<\/div>\n\n\n\n<p><\/p>\n\n\n\n<h3 class=\"wp-block-heading has-text-align-center\">Advantages<\/h3>\n\n\n\n<p><\/p>\n\n\n\n<div class=\"wp-block-columns is-layout-flex wp-container-core-columns-is-layout-28f84493 wp-block-columns-is-layout-flex\">\n<div class=\"wp-block-column is-layout-flow wp-block-column-is-layout-flow\">\n<ul class=\"wp-block-list\">\n<li>Suitable for very small parts<\/li>\n<\/ul>\n<\/div>\n\n\n\n<div class=\"wp-block-column is-layout-flow wp-block-column-is-layout-flow\">\n<ul class=\"wp-block-list\">\n<li>Developed with the latest and most advanced technologies<\/li>\n<\/ul>\n<\/div>\n\n\n\n<div class=\"wp-block-column is-layout-flow wp-block-column-is-layout-flow\">\n<ul class=\"wp-block-list\">\n<li>Allows to produce solid components at very high speed up to 660 parts per minute<\/li>\n<\/ul>\n<\/div>\n<\/div>\n\n\n\n<p><\/p>\n\n\n\n<div class=\"inherit-container-width wp-block-group is-layout-constrained wp-block-group-is-layout-constrained\"><div class=\"wp-block-group__inner-container\">\n<div class=\"wp-block-columns is-layout-flex wp-container-core-columns-is-layout-28f84493 wp-block-columns-is-layout-flex\">\n<div class=\"wp-block-column is-layout-flow wp-block-column-is-layout-flow\">\n<div class=\"wp-block-uagb-advanced-heading uagb-block-aff3a6ca\"><h2 class=\"uagb-heading-text\"><a href=\"https:\/\/www.carlosalvi.com\/en\/machines-accessories-1\/product\/list\/models\/2-die-4-blow-header\"><strong>2 Die<\/strong>,<br>4 Blow Header<\/a><\/h2><\/div>\n\n\n\n<p>The perfect machines for the manufacture of solid, semi-tubular and fully tubular components as well as for parts with very complex shapes.<\/p>\n\n\n\n<figure class=\"wp-block-table has-small-font-size\"><table><tbody><tr><td><strong>Technical specifications<\/strong><\/td><td><strong>Range of value depending on the model<\/strong><\/td><\/tr><tr><td>Number of dies<\/td><td>2<\/td><\/tr><tr><td>Number of punches<\/td><td>4<\/td><\/tr><tr><td>Max. cutt-off length (mm)<\/td><td>37 &#8211; 115<\/td><\/tr><tr><td>Max. head diameter (mm)<\/td><td>12 &#8211; 22<\/td><\/tr><tr><td>Max. shank length (mm)<\/td><td>25 &#8211; 92<\/td><\/tr><tr><td>Min. and max. wire diameter with a strength of 600 N\/mm2 (cold) (mm)<\/td><td>1.2 \u2013 6 to 4-12<\/td><\/tr><tr><td>Min. and max. wire diameter with a strength of 1.000 N\/mm2 (warm) (mm)<\/td><td>1.2 \u2013 4 to 4 \u2013 10<\/td><\/tr><tr><td>Max. speed (pce\/min)<\/td><td>170 &#8211; 350<\/td><\/tr><tr><td>Max. heading tonnage (kN)<\/td><td>90 &#8211; 550<\/td><\/tr><tr><td>Die diameter and length (mm)<\/td><td>from 36\u00d745 up to 68\u00d7115<\/td><\/tr><tr><td>Punch diameter and length (mm)<\/td><td>from 22\u00d785 up to 47\u00d7140<\/td><\/tr><tr><td>Stroke of P.K.O.\u2019s (mm)<\/td><td>6.5 &#8211; 20<\/td><\/tr><\/tbody><\/table><\/figure>\n<\/div>\n\n\n\n<div class=\"wp-block-column is-layout-flow wp-block-column-is-layout-flow\">\n<p><\/p>\n\n\n\n<p><\/p>\n\n\n\n<div class=\"wp-block-uagb-image alignleft uagb-block-d6e8a009 wp-block-uagb-image--layout-default wp-block-uagb-image--effect-static wp-block-uagb-image--align-left\"><figure class=\"wp-block-uagb-image__figure\"><img decoding=\"async\" srcset=\"http:\/\/mdturbo.ro\/wp-content\/uploads\/2022\/12\/2_CS_246_2a-carlo-salvi-1024x574.jpeg \" src=\"http:\/\/mdturbo.ro\/wp-content\/uploads\/2022\/12\/2_CS_246_2a-carlo-salvi-1024x574.jpeg\" alt=\"\" class=\"uag-image-692\" width=\"\" height=\"\" title=\"\" loading=\"lazy\"\/><\/figure><\/div>\n\n\n\n<p class=\"has-text-align-right\"><em><sub><sup>2&nbsp;Die&nbsp;4&nbsp;Blow&nbsp;Header CS&nbsp;246&nbsp;E<\/sup><\/sub><\/em><\/p>\n\n\n\n<p><\/p>\n<\/div>\n<\/div>\n<\/div><\/div>\n\n\n\n<p><\/p>\n\n\n\n<h3 class=\"wp-block-heading has-text-align-center\">Advantages<\/h3>\n\n\n\n<p><\/p>\n\n\n\n<div class=\"wp-block-columns is-layout-flex wp-container-core-columns-is-layout-28f84493 wp-block-columns-is-layout-flex\">\n<div class=\"wp-block-column is-layout-flow wp-block-column-is-layout-flow\">\n<ul class=\"wp-block-list\">\n<li>For solid, semi-tubular and tubular components<\/li>\n<\/ul>\n<\/div>\n\n\n\n<div class=\"wp-block-column is-layout-flow wp-block-column-is-layout-flow\">\n<ul class=\"wp-block-list\">\n<li>For parts with complex shapes<\/li>\n<\/ul>\n<\/div>\n\n\n\n<div class=\"wp-block-column is-layout-flow wp-block-column-is-layout-flow\">\n<ul class=\"wp-block-list\">\n<li>Minimized changeover times<\/li>\n<\/ul>\n<\/div>\n<\/div>\n\n\n\n<div class=\"wp-block-columns is-layout-flex wp-container-core-columns-is-layout-28f84493 wp-block-columns-is-layout-flex\">\n<div class=\"wp-block-column is-layout-flow wp-block-column-is-layout-flow\">\n<ul class=\"wp-block-list\">\n<li>High precision cut-off quality<\/li>\n<\/ul>\n<\/div>\n\n\n\n<div class=\"wp-block-column is-layout-flow wp-block-column-is-layout-flow\">\n<ul class=\"wp-block-list\">\n<li>Induction heater for warm forming<\/li>\n<\/ul>\n<\/div>\n\n\n\n<div class=\"wp-block-column is-layout-flow wp-block-column-is-layout-flow\">\n<ul class=\"wp-block-list\">\n<li>Motorized wire in-feed length adjustment<\/li>\n<\/ul>\n<\/div>\n<\/div>\n\n\n\n<p><\/p>\n\n\n\n<p><\/p>\n\n\n\n<h2 class=\"wp-block-heading has-text-align-center\"><a href=\"https:\/\/www.carlosalvi.com\/en\/machines-accessories-1\/product\/list\/models\/1-die-2-blow-header\">Hot forming machines<\/a><\/h2>\n\n\n\n<p><\/p>\n\n\n\n<div class=\"wp-block-columns is-layout-flex wp-container-core-columns-is-layout-28f84493 wp-block-columns-is-layout-flex\">\n<div class=\"wp-block-column is-layout-flow wp-block-column-is-layout-flow\">\n<h2 class=\"wp-block-heading\"><a rel=\"noreferrer noopener\" href=\"https:\/\/www.carlosalvi.com\/en\/machines-accessories-1\/product\/list\/models\/1-die-2-blow-header\" target=\"_blank\">1 Die<br>2 Blow Header<\/a><\/h2>\n\n\n\n<p>For the production of screw blanks as well as semi-tubular and solid parts at very high production.<\/p>\n\n\n\n<figure class=\"wp-block-table has-small-font-size\"><table><tbody><tr><td><strong>Technical specifications<\/strong><br><\/td><td class=\"has-text-align-center\" data-align=\"center\"><strong>Range of value depending on the model<\/strong><\/td><\/tr><tr><td>Number of dies<\/td><td class=\"has-text-align-center\" data-align=\"center\">1<\/td><\/tr><tr><td>Number of punches<\/td><td class=\"has-text-align-center\" data-align=\"center\">2<\/td><\/tr><tr><td>Max. cutt-off length (mm)&nbsp;<\/td><td class=\"has-text-align-center\" data-align=\"center\">\u00eentre 35 &#8211; 200<\/td><\/tr><tr><td>Max. head diameter (mm)<\/td><td class=\"has-text-align-center\" data-align=\"center\">between 6.5 \u2013 25<\/td><\/tr><tr><td>Max. shank length (mm)<\/td><td class=\"has-text-align-center\" data-align=\"center\">between 22 \u2013 160<\/td><\/tr><tr><td>Min. and max. wire diameter with a strength of 600 N\/mm2 (cold) (mm)<\/td><td class=\"has-text-align-center\" data-align=\"center\">0.6 \u2013 3 up to  6 \u2013 14<\/td><\/tr><tr><td>Min. and max. wire diameter with a strength of 1.000 N\/mm2 (warm) (mm)<\/td><td class=\"has-text-align-center\" data-align=\"center\">     3 \u2013 7 up to 6 \u2013 12.5<\/td><\/tr><tr><td>Max. speed (pce\/min)<\/td><td class=\"has-text-align-center\" data-align=\"center\">between 150 \u2013 660<\/td><\/tr><tr><td>Max. heading tonnage (kN)<\/td><td class=\"has-text-align-center\" data-align=\"center\">between 60 \u2013 750<\/td><\/tr><tr><td>Die diameter and length (mm)<\/td><td class=\"has-text-align-center\" data-align=\"center\">30\u00d730 up to 80\u00d7180&nbsp;<\/td><\/tr><tr><td>Punch diameter and length (mm)<\/td><td class=\"has-text-align-center\" data-align=\"center\">18\u00d750 up to 60\u00d7170<\/td><\/tr><tr><td>Stroke of P.K.O.\u2019s (mm)<\/td><td class=\"has-text-align-center\" data-align=\"center\">6.5 up to 18<\/td><\/tr><\/tbody><\/table><\/figure>\n<\/div>\n\n\n\n<div class=\"wp-block-column is-layout-flow wp-block-column-is-layout-flow\">\n<div class=\"wp-block-uagb-image uagb-block-b9e25515 wp-block-uagb-image--layout-default wp-block-uagb-image--effect-static wp-block-uagb-image--align-none\"><figure class=\"wp-block-uagb-image__figure\"><img decoding=\"async\" srcset=\"http:\/\/mdturbo.ro\/wp-content\/uploads\/2023\/02\/2_CS_001_2e-1024x574.jpg \" src=\"http:\/\/mdturbo.ro\/wp-content\/uploads\/2023\/02\/2_CS_001_2e-1024x574.jpg\" alt=\"\" class=\"uag-image-845\" width=\"\" height=\"\" title=\"\" loading=\"lazy\"\/><\/figure><\/div>\n\n\n\n<p class=\"has-text-align-right ticss-edcfb570 has-small-font-size\"><em>1&nbsp;Die&nbsp;2&nbsp;Blow&nbsp;Header&nbsp;CS&nbsp;001<\/em><\/p>\n<\/div>\n<\/div>\n\n\n\n<p><\/p>\n\n\n\n<h3 class=\"wp-block-heading has-text-align-center\">Advantages<\/h3>\n\n\n\n<p><\/p>\n\n\n\n<div class=\"wp-block-columns is-layout-flex wp-container-core-columns-is-layout-28f84493 wp-block-columns-is-layout-flex\">\n<div class=\"wp-block-column is-layout-flow wp-block-column-is-layout-flow\">\n<ul class=\"wp-block-list\">\n<li>easy to change and to operate<\/li>\n<\/ul>\n<\/div>\n\n\n\n<div class=\"wp-block-column is-layout-flow wp-block-column-is-layout-flow\">\n<ul class=\"wp-block-list\">\n<li>high speed up to 300 parts per minute<\/li>\n<\/ul>\n<\/div>\n\n\n\n<div class=\"wp-block-column is-layout-flow wp-block-column-is-layout-flow\">\n<ul class=\"wp-block-list\">\n<li>pre-heating induction system to allow the use of material like titanium and super alloys that required pre-heating to be formed<\/li>\n<\/ul>\n\n\n\n<p><\/p>\n<\/div>\n<\/div>\n\n\n\n<div class=\"wp-block-columns is-layout-flex wp-container-core-columns-is-layout-28f84493 wp-block-columns-is-layout-flex\">\n<div class=\"wp-block-column is-layout-flow wp-block-column-is-layout-flow\">\n<h2 class=\"wp-block-heading\"><a href=\"https:\/\/www.carlosalvi.com\/en\/machines-accessories-1\/product\/list\/models\/2-die-4-blow-header\"><strong>2 Die<\/strong>,<br>4 Blow Header<\/a><\/h2>\n\n\n\n<p>The perfect machines for the manufacture of solid, semi-tubular and fully tubular components as well as for parts with very complex shapes.<\/p>\n\n\n\n<figure class=\"wp-block-table\"><table><tbody><tr><td><strong>Technical specifications<\/strong><\/td><td><strong>Range of value depending on the model<\/strong><\/td><\/tr><tr><td>Number of dies<\/td><td>2<\/td><\/tr><tr><td>Number of punches<\/td><td>4<\/td><\/tr><tr><td>Max. cutt-off length (mm)<\/td><td>37 &#8211; 115<\/td><\/tr><tr><td>Max. head diameter (mm)<\/td><td>12 &#8211; 22<\/td><\/tr><tr><td>Max. shank length (mm)<\/td><td>25 &#8211; 92<\/td><\/tr><tr><td>Min. and max. wire diameter with a strength of 600 N\/mm2 (cold) (mm)<\/td><td>1.2 &#8211; 5 p\u00e2n\u0103 la 4-12<\/td><\/tr><tr><td>Min. and max. wire diameter with a strength of 1.000 N\/mm2 (warm) (mm)<\/td><td>1.2 \u2013 4 to 4 \u2013 10<\/td><\/tr><tr><td>Max. speed (pce\/min)<\/td><td>170 &#8211; 350<\/td><\/tr><tr><td>Max. heading tonnage (kN)<\/td><td>90 &#8211; 550<\/td><\/tr><tr><td>Die diameter and length (mm)<\/td><td>from 36\u00d745 up to 68\u00d7115<\/td><\/tr><tr><td>Punch diameter and length (mm)<\/td><td>from 22\u00d785 up to 47\u00d7140<\/td><\/tr><tr><td>Stroke of P.K.O.\u2019s (mm)<\/td><td>6.5 &#8211; 20<\/td><\/tr><\/tbody><\/table><\/figure>\n<\/div>\n\n\n\n<div class=\"wp-block-column is-layout-flow wp-block-column-is-layout-flow\">\n<div class=\"wp-block-uagb-image uagb-block-39abcf77 wp-block-uagb-image--layout-default wp-block-uagb-image--effect-static wp-block-uagb-image--align-none\"><figure class=\"wp-block-uagb-image__figure\"><img decoding=\"async\" srcset=\"http:\/\/mdturbo.ro\/wp-content\/uploads\/2023\/02\/2_CS_243_2b-1024x574.jpg \" src=\"http:\/\/mdturbo.ro\/wp-content\/uploads\/2023\/02\/2_CS_243_2b-1024x574.jpg\" alt=\"\" class=\"uag-image-846\" width=\"\" height=\"\" title=\"\" loading=\"lazy\"\/><\/figure><\/div>\n\n\n\n<p class=\"has-text-align-right has-small-font-size\"><em>2&nbsp;Die&nbsp;4&nbsp;Blow&nbsp;Header CS&nbsp;243 WS<\/em><\/p>\n\n\n\n<p><\/p>\n<\/div>\n<\/div>\n\n\n\n<p><\/p>\n\n\n\n<h3 class=\"wp-block-heading has-text-align-center\">Advantages<\/h3>\n\n\n\n<p><\/p>\n\n\n\n<div class=\"wp-block-columns is-layout-flex wp-container-core-columns-is-layout-28f84493 wp-block-columns-is-layout-flex\">\n<div class=\"wp-block-column is-layout-flow wp-block-column-is-layout-flow\">\n<ul class=\"wp-block-list\">\n<li>Minimized changeover times<\/li>\n<\/ul>\n<\/div>\n\n\n\n<div class=\"wp-block-column is-layout-flow wp-block-column-is-layout-flow\">\n<ul class=\"wp-block-list\">\n<li>high speed up to 350 parts per minute<\/li>\n<\/ul>\n<\/div>\n\n\n\n<div class=\"wp-block-column is-layout-flow wp-block-column-is-layout-flow\">\n<ul class=\"wp-block-list\">\n<li>pre-heating induction system to allow the use of material like titanium and super alloys that required pre-heating to be formed<\/li>\n<\/ul>\n<\/div>\n<\/div>","protected":false},"excerpt":{"rendered":"<p>Compania noastr\u0103 este reprezentant Carlo Salvi pentru pie\u021bele din Rom\u00e2nia, Ungaria \u0219i Bulgaria Carlo Salvi este o companie italian\u0103 cu tradi\u021bie \u00eendelungat\u0103 \u00een domeniul utilajelor produc\u0103toare de piese forjate din s\u00e2rm\u0103, la cald \u0219i la rece. Povestea companiei \u00eencepe \u00een Milano, \u00een anul 1939, \u0219i poart\u0103 chiar numele celui care o \u00eenfiin\u021beaz\u0103, italianul Carlo Salvi; &hellip;<\/p>\n<p class=\"read-more\"> <a class=\"\" href=\"https:\/\/mdturbo.ro\/en\/carlo-salvi-2\/\"> <span class=\"screen-reader-text\">Carlo Salvi<\/span> Read More &raquo;<\/a><\/p>","protected":false},"author":1,"featured_media":0,"parent":0,"menu_order":0,"comment_status":"closed","ping_status":"closed","template":"","meta":{"_uag_custom_page_level_css":"","site-sidebar-layout":"default","site-content-layout":"default","ast-global-header-display":"","ast-main-header-display":"","ast-hfb-above-header-display":"","ast-hfb-below-header-display":"","ast-hfb-mobile-header-display":"","site-post-title":"disabled","ast-breadcrumbs-content":"","ast-featured-img":"","footer-sml-layout":"","theme-transparent-header-meta":"","adv-header-id-meta":"","stick-header-meta":"","header-above-stick-meta":"","header-main-stick-meta":"","header-below-stick-meta":"","_themeisle_gutenberg_block_has_review":false,"footnotes":""},"class_list":["post-672","page","type-page","status-publish","hentry"],"uagb_featured_image_src":{"full":false,"thumbnail":false,"medium":false,"medium_large":false,"large":false,"1536x1536":false,"2048x2048":false,"trp-custom-language-flag":false},"uagb_author_info":{"display_name":"anca.lache","author_link":"https:\/\/mdturbo.ro\/en\/author\/anca-lache\/"},"uagb_comment_info":0,"uagb_excerpt":"Compania noastr\u0103 este reprezentant Carlo Salvi pentru pie\u021bele din Rom\u00e2nia, Ungaria \u0219i Bulgaria Carlo Salvi este o companie italian\u0103 cu tradi\u021bie \u00eendelungat\u0103 \u00een domeniul utilajelor produc\u0103toare de piese forjate din s\u00e2rm\u0103, la cald \u0219i la rece. Povestea companiei \u00eencepe \u00een Milano, \u00een anul 1939, \u0219i poart\u0103 chiar numele celui care o \u00eenfiin\u021beaz\u0103, italianul Carlo Salvi;&hellip;","_links":{"self":[{"href":"https:\/\/mdturbo.ro\/en\/wp-json\/wp\/v2\/pages\/672","targetHints":{"allow":["GET"]}}],"collection":[{"href":"https:\/\/mdturbo.ro\/en\/wp-json\/wp\/v2\/pages"}],"about":[{"href":"https:\/\/mdturbo.ro\/en\/wp-json\/wp\/v2\/types\/page"}],"author":[{"embeddable":true,"href":"https:\/\/mdturbo.ro\/en\/wp-json\/wp\/v2\/users\/1"}],"replies":[{"embeddable":true,"href":"https:\/\/mdturbo.ro\/en\/wp-json\/wp\/v2\/comments?post=672"}],"version-history":[{"count":22,"href":"https:\/\/mdturbo.ro\/en\/wp-json\/wp\/v2\/pages\/672\/revisions"}],"predecessor-version":[{"id":985,"href":"https:\/\/mdturbo.ro\/en\/wp-json\/wp\/v2\/pages\/672\/revisions\/985"}],"wp:attachment":[{"href":"https:\/\/mdturbo.ro\/en\/wp-json\/wp\/v2\/media?parent=672"}],"curies":[{"name":"wp","href":"https:\/\/api.w.org\/{rel}","templated":true}]}}